{"id":118,"date":"2025-03-04T21:37:42","date_gmt":"2025-03-04T21:37:42","guid":{"rendered":"https:\/\/www.worcester.edu\/presidents-office\/?page_id=118"},"modified":"2025-03-04T21:42:26","modified_gmt":"2025-03-04T21:42:26","slug":"feb-13-2025-where-heroes-are-buried-admiring-the-patheon","status":"publish","type":"page","link":"https:\/\/www.worcester.edu\/presidents-office\/psas-studying-abroad\/feb-13-2025-where-heroes-are-buried-admiring-the-patheon\/","title":{"rendered":"Feb 13, 2025: Where Heroes are Buried: Admiring the Path\u00e9on"},"content":{"rendered":"<p><span style=\"font-weight: 400\">Greetings again! I bet you&#8217;ve all been itching to hear what I\u2019ve got in store for this post. Well, it&#8217;s none other than the Panth\u00e9on! This colossal building, very reminiscent of greco-roman architecture, with its large pillars supporting a triangular front and its semicircle dome at the top is a sight to behold. The pediment of the building supports a huge bas-relief, which shows many of France\u2019s most important statesmen, scholars, or soldiers surrounding the personification of the French nation. Below it, it states that the monument is dedicated to \u201cthe grand men that the homeland recognizes\u201d. <img loading=\"lazy\" decoding=\"async\" class=\"size-medium wp-image-127 alignleft\" src=\"https:\/\/www.worcester.edu\/presidents-office\/wp-content\/uploads\/sites\/46\/2025\/03\/2_13_2025-Pantheon-Selfie-scaled-e1741123611207-300x255.jpg\" alt=\"\" width=\"300\" height=\"255\" srcset=\"https:\/\/www.worcester.edu\/presidents-office\/wp-content\/uploads\/sites\/46\/2025\/03\/2_13_2025-Pantheon-Selfie-scaled-e1741123611207-300x255.jpg 300w, https:\/\/www.worcester.edu\/presidents-office\/wp-content\/uploads\/sites\/46\/2025\/03\/2_13_2025-Pantheon-Selfie-scaled-e1741123611207-768x652.jpg 768w, https:\/\/www.worcester.edu\/presidents-office\/wp-content\/uploads\/sites\/46\/2025\/03\/2_13_2025-Pantheon-Selfie-scaled-e1741123611207-1024x869.jpg 1024w, https:\/\/www.worcester.edu\/presidents-office\/wp-content\/uploads\/sites\/46\/2025\/03\/2_13_2025-Pantheon-Selfie-scaled-e1741123611207-1536x1304.jpg 1536w, https:\/\/www.worcester.edu\/presidents-office\/wp-content\/uploads\/sites\/46\/2025\/03\/2_13_2025-Pantheon-Selfie-scaled-e1741123611207.jpg 1920w\" sizes=\"auto, (max-width: 300px) 100vw, 300px\" \/><\/span><\/p>\n<p>&nbsp;<\/p>\n<p><span style=\"font-weight: 400\">The interior of the building is just as beautiful and full of historical significance. Murals line the walls depicting some of France\u2019s most important historical figures. One of the most prominent figures depicted is Saint Genevive, the patron and protector of Paris. Alive during the 5th century, she helped save Paris from destruction at the hands of the Huns, and performed multitudes of miracles, both before and after her death. Murals depict her entire life, from her childhood to her time defending Paris, until her death, and even after her death, when her name was invoked to perform miracles in times of need. Another important figure depicted is Clovis, the first king of France and progenitor of the first dynasty of rulers. A series of murals depicts his conversion to Christianity following an intense battle, his baptism, and his coronation. And, of course, there is Joan of Arc. Multiple murals depict her setting out on her adventure after hearing the voice of god, the important battles she won, and her eventual burning at the stake.<img loading=\"lazy\" decoding=\"async\" class=\"size-medium wp-image-125 alignright\" src=\"https:\/\/www.worcester.edu\/presidents-office\/wp-content\/uploads\/sites\/46\/2025\/03\/2_13_2025-Saint-Genevive-in-Paris-300x226.jpg\" alt=\"\" width=\"300\" height=\"226\" srcset=\"https:\/\/www.worcester.edu\/presidents-office\/wp-content\/uploads\/sites\/46\/2025\/03\/2_13_2025-Saint-Genevive-in-Paris-300x226.jpg 300w, https:\/\/www.worcester.edu\/presidents-office\/wp-content\/uploads\/sites\/46\/2025\/03\/2_13_2025-Saint-Genevive-in-Paris-1024x771.jpg 1024w, https:\/\/www.worcester.edu\/presidents-office\/wp-content\/uploads\/sites\/46\/2025\/03\/2_13_2025-Saint-Genevive-in-Paris-768x578.jpg 768w, https:\/\/www.worcester.edu\/presidents-office\/wp-content\/uploads\/sites\/46\/2025\/03\/2_13_2025-Saint-Genevive-in-Paris-1536x1157.jpg 1536w, https:\/\/www.worcester.edu\/presidents-office\/wp-content\/uploads\/sites\/46\/2025\/03\/2_13_2025-Saint-Genevive-in-Paris-2048x1542.jpg 2048w\" sizes=\"auto, (max-width: 300px) 100vw, 300px\" \/><\/span><\/p>\n<p>&nbsp;<\/p>\n<p><span style=\"font-weight: 400\">However, the real history of the Panth\u00e9on isn&#8217;t found upstairs. Below the building lies the crypts, where famous heroes of the country are actually buried. Famous figures such as the philosophers Voltaire and Jean Jaques Rousseau are buried in ornate wooden coffins, which describe their contributions to the french nation. Other famous figures buried beneath the Panth\u00e9on include Marie Curie, who discovered radiation, poets and authors such as Alexandre Dumas, \u00c9mile Zola, and Victor Hugo, as well as Jos\u00e9phine Baker, an African-American dancer who moved to France in the 1920s. Jos\u00e9phine was one of the most famous dancers of her time, acted as a spy during World War 2, and was a prominent civil rights activist. Seeing all these famous figures interred there was an indescribable feeling. For so long I had read about these people in books, but actually knowing that the person was lying right in front of me was an almost surreal experience.<\/span><\/p>\n<p>&nbsp;<\/p>\n<p><span style=\"font-weight: 400\">Unfortunately, that&#8217;s about it for this post! I wouldn&#8217;t want to take up too much for your time now, would I? Plus, you\u2019ll all have plenty to read about in my next post. I\u2019m confident it will be one of the best ones yet.<\/span><\/p>\n","protected":false},"excerpt":{"rendered":"<p>Greetings again! I bet you&#8217;ve all been itching to hear what I\u2019ve got in store for this post. Well, it&#8217;s none other than the Panth\u00e9on! This colossal building, very reminiscent of greco-roman architecture, with its large pillars supporting a triangular front and its semicircle dome at the top is a sight to behold. The pediment [&hellip;]<\/p>\n","protected":false},"author":3641,"featured_media":0,"parent":73,"menu_order":0,"comment_status":"closed","ping_status":"closed","template":"","meta":{"_acf_changed":false,"ngg_post_thumbnail":0,"footnotes":"","_links_to":"","_links_to_target":""},"class_list":["post-118","page","type-page","status-publish","hentry"],"acf":[],"yoast_head":"<!-- This site is optimized with the Yoast SEO plugin v27.3 - https:\/\/yoast.com\/product\/yoast-seo-wordpress\/ -->\n<title>Feb 13, 2025: Where Heroes are Buried: Admiring the Path\u00e9on - President&#039;s Office<\/title>\n<meta name=\"robots\" content=\"index, follow, max-snippet:-1, max-image-preview:large, max-video-preview:-1\" \/>\n<link rel=\"canonical\" href=\"https:\/\/www.worcester.edu\/presidents-office\/psas-studying-abroad\/feb-13-2025-where-heroes-are-buried-admiring-the-patheon\/\" \/>\n<meta property=\"og:locale\" content=\"en_US\" \/>\n<meta property=\"og:type\" content=\"article\" \/>\n<meta property=\"og:title\" content=\"Feb 13, 2025: Where Heroes are Buried: Admiring the Path\u00e9on - President&#039;s Office\" \/>\n<meta property=\"og:description\" content=\"Greetings again! I bet you&#8217;ve all been itching to hear what I\u2019ve got in store for this post. Well, it&#8217;s none other than the Panth\u00e9on! This colossal building, very reminiscent of greco-roman architecture, with its large pillars supporting a triangular front and its semicircle dome at the top is a sight to behold. The pediment [&hellip;]\" \/>\n<meta property=\"og:url\" content=\"https:\/\/www.worcester.edu\/presidents-office\/psas-studying-abroad\/feb-13-2025-where-heroes-are-buried-admiring-the-patheon\/\" \/>\n<meta property=\"og:site_name\" content=\"President&#039;s Office\" \/>\n<meta property=\"article:modified_time\" content=\"2025-03-04T21:42:26+00:00\" \/>\n<meta property=\"og:image\" content=\"https:\/\/www.worcester.edu\/presidents-office\/wp-content\/uploads\/sites\/46\/2025\/03\/2_13_2025-Pantheon-Selfie-scaled-e1741123611207.jpg\" \/>\n\t<meta property=\"og:image:width\" content=\"1920\" \/>\n\t<meta property=\"og:image:height\" content=\"1630\" \/>\n\t<meta property=\"og:image:type\" content=\"image\/jpeg\" \/>\n<meta name=\"twitter:card\" content=\"summary_large_image\" \/>\n<meta name=\"twitter:label1\" content=\"Est. reading time\" \/>\n\t<meta name=\"twitter:data1\" content=\"3 minutes\" \/>\n<script type=\"application\/ld+json\" class=\"yoast-schema-graph\">{\"@context\":\"https:\\\/\\\/schema.org\",\"@graph\":[{\"@type\":\"WebPage\",\"@id\":\"https:\\\/\\\/www.worcester.edu\\\/presidents-office\\\/psas-studying-abroad\\\/feb-13-2025-where-heroes-are-buried-admiring-the-patheon\\\/\",\"url\":\"https:\\\/\\\/www.worcester.edu\\\/presidents-office\\\/psas-studying-abroad\\\/feb-13-2025-where-heroes-are-buried-admiring-the-patheon\\\/\",\"name\":\"Feb 13, 2025: Where Heroes are Buried: Admiring the Path\u00e9on - President's Office\",\"isPartOf\":{\"@id\":\"https:\\\/\\\/www.worcester.edu\\\/presidents-office\\\/#website\"},\"primaryImageOfPage\":{\"@id\":\"https:\\\/\\\/www.worcester.edu\\\/presidents-office\\\/psas-studying-abroad\\\/feb-13-2025-where-heroes-are-buried-admiring-the-patheon\\\/#primaryimage\"},\"image\":{\"@id\":\"https:\\\/\\\/www.worcester.edu\\\/presidents-office\\\/psas-studying-abroad\\\/feb-13-2025-where-heroes-are-buried-admiring-the-patheon\\\/#primaryimage\"},\"thumbnailUrl\":\"https:\\\/\\\/www.worcester.edu\\\/presidents-office\\\/wp-content\\\/uploads\\\/sites\\\/46\\\/2025\\\/03\\\/2_13_2025-Pantheon-Selfie-scaled-e1741123611207-300x255.jpg\",\"datePublished\":\"2025-03-04T21:37:42+00:00\",\"dateModified\":\"2025-03-04T21:42:26+00:00\",\"breadcrumb\":{\"@id\":\"https:\\\/\\\/www.worcester.edu\\\/presidents-office\\\/psas-studying-abroad\\\/feb-13-2025-where-heroes-are-buried-admiring-the-patheon\\\/#breadcrumb\"},\"inLanguage\":\"en-US\",\"potentialAction\":[{\"@type\":\"ReadAction\",\"target\":[\"https:\\\/\\\/www.worcester.edu\\\/presidents-office\\\/psas-studying-abroad\\\/feb-13-2025-where-heroes-are-buried-admiring-the-patheon\\\/\"]}]},{\"@type\":\"ImageObject\",\"inLanguage\":\"en-US\",\"@id\":\"https:\\\/\\\/www.worcester.edu\\\/presidents-office\\\/psas-studying-abroad\\\/feb-13-2025-where-heroes-are-buried-admiring-the-patheon\\\/#primaryimage\",\"url\":\"https:\\\/\\\/www.worcester.edu\\\/presidents-office\\\/wp-content\\\/uploads\\\/sites\\\/46\\\/2025\\\/03\\\/2_13_2025-Pantheon-Selfie-scaled-e1741123611207.jpg\",\"contentUrl\":\"https:\\\/\\\/www.worcester.edu\\\/presidents-office\\\/wp-content\\\/uploads\\\/sites\\\/46\\\/2025\\\/03\\\/2_13_2025-Pantheon-Selfie-scaled-e1741123611207.jpg\",\"width\":1920,\"height\":1630},{\"@type\":\"BreadcrumbList\",\"@id\":\"https:\\\/\\\/www.worcester.edu\\\/presidents-office\\\/psas-studying-abroad\\\/feb-13-2025-where-heroes-are-buried-admiring-the-patheon\\\/#breadcrumb\",\"itemListElement\":[{\"@type\":\"ListItem\",\"position\":1,\"name\":\"Home\",\"item\":\"https:\\\/\\\/www.worcester.edu\\\/about\\\/presidents-office\\\/\"},{\"@type\":\"ListItem\",\"position\":2,\"name\":\"PSAs Studying Abroad\",\"item\":\"https:\\\/\\\/www.worcester.edu\\\/presidents-office\\\/psas-studying-abroad\\\/\"},{\"@type\":\"ListItem\",\"position\":3,\"name\":\"Feb 13, 2025: Where Heroes are Buried: Admiring the Path\u00e9on\"}]},{\"@type\":\"WebSite\",\"@id\":\"https:\\\/\\\/www.worcester.edu\\\/presidents-office\\\/#website\",\"url\":\"https:\\\/\\\/www.worcester.edu\\\/presidents-office\\\/\",\"name\":\"President's Office\",\"description\":\"Just another Worcester State University site\",\"potentialAction\":[{\"@type\":\"SearchAction\",\"target\":{\"@type\":\"EntryPoint\",\"urlTemplate\":\"https:\\\/\\\/www.worcester.edu\\\/presidents-office\\\/?s={search_term_string}\"},\"query-input\":{\"@type\":\"PropertyValueSpecification\",\"valueRequired\":true,\"valueName\":\"search_term_string\"}}],\"inLanguage\":\"en-US\"}]}<\/script>\n<!-- \/ Yoast SEO plugin. -->","yoast_head_json":{"title":"Feb 13, 2025: Where Heroes are Buried: Admiring the Path\u00e9on - President's Office","robots":{"index":"index","follow":"follow","max-snippet":"max-snippet:-1","max-image-preview":"max-image-preview:large","max-video-preview":"max-video-preview:-1"},"canonical":"https:\/\/www.worcester.edu\/presidents-office\/psas-studying-abroad\/feb-13-2025-where-heroes-are-buried-admiring-the-patheon\/","og_locale":"en_US","og_type":"article","og_title":"Feb 13, 2025: Where Heroes are Buried: Admiring the Path\u00e9on - President's Office","og_description":"Greetings again! I bet you&#8217;ve all been itching to hear what I\u2019ve got in store for this post. Well, it&#8217;s none other than the Panth\u00e9on! This colossal building, very reminiscent of greco-roman architecture, with its large pillars supporting a triangular front and its semicircle dome at the top is a sight to behold. The pediment [&hellip;]","og_url":"https:\/\/www.worcester.edu\/presidents-office\/psas-studying-abroad\/feb-13-2025-where-heroes-are-buried-admiring-the-patheon\/","og_site_name":"President's Office","article_modified_time":"2025-03-04T21:42:26+00:00","og_image":[{"width":1920,"height":1630,"url":"https:\/\/www.worcester.edu\/presidents-office\/wp-content\/uploads\/sites\/46\/2025\/03\/2_13_2025-Pantheon-Selfie-scaled-e1741123611207.jpg","type":"image\/jpeg"}],"twitter_card":"summary_large_image","twitter_misc":{"Est. reading time":"3 minutes"},"schema":{"@context":"https:\/\/schema.org","@graph":[{"@type":"WebPage","@id":"https:\/\/www.worcester.edu\/presidents-office\/psas-studying-abroad\/feb-13-2025-where-heroes-are-buried-admiring-the-patheon\/","url":"https:\/\/www.worcester.edu\/presidents-office\/psas-studying-abroad\/feb-13-2025-where-heroes-are-buried-admiring-the-patheon\/","name":"Feb 13, 2025: Where Heroes are Buried: Admiring the Path\u00e9on - President's Office","isPartOf":{"@id":"https:\/\/www.worcester.edu\/presidents-office\/#website"},"primaryImageOfPage":{"@id":"https:\/\/www.worcester.edu\/presidents-office\/psas-studying-abroad\/feb-13-2025-where-heroes-are-buried-admiring-the-patheon\/#primaryimage"},"image":{"@id":"https:\/\/www.worcester.edu\/presidents-office\/psas-studying-abroad\/feb-13-2025-where-heroes-are-buried-admiring-the-patheon\/#primaryimage"},"thumbnailUrl":"https:\/\/www.worcester.edu\/presidents-office\/wp-content\/uploads\/sites\/46\/2025\/03\/2_13_2025-Pantheon-Selfie-scaled-e1741123611207-300x255.jpg","datePublished":"2025-03-04T21:37:42+00:00","dateModified":"2025-03-04T21:42:26+00:00","breadcrumb":{"@id":"https:\/\/www.worcester.edu\/presidents-office\/psas-studying-abroad\/feb-13-2025-where-heroes-are-buried-admiring-the-patheon\/#breadcrumb"},"inLanguage":"en-US","potentialAction":[{"@type":"ReadAction","target":["https:\/\/www.worcester.edu\/presidents-office\/psas-studying-abroad\/feb-13-2025-where-heroes-are-buried-admiring-the-patheon\/"]}]},{"@type":"ImageObject","inLanguage":"en-US","@id":"https:\/\/www.worcester.edu\/presidents-office\/psas-studying-abroad\/feb-13-2025-where-heroes-are-buried-admiring-the-patheon\/#primaryimage","url":"https:\/\/www.worcester.edu\/presidents-office\/wp-content\/uploads\/sites\/46\/2025\/03\/2_13_2025-Pantheon-Selfie-scaled-e1741123611207.jpg","contentUrl":"https:\/\/www.worcester.edu\/presidents-office\/wp-content\/uploads\/sites\/46\/2025\/03\/2_13_2025-Pantheon-Selfie-scaled-e1741123611207.jpg","width":1920,"height":1630},{"@type":"BreadcrumbList","@id":"https:\/\/www.worcester.edu\/presidents-office\/psas-studying-abroad\/feb-13-2025-where-heroes-are-buried-admiring-the-patheon\/#breadcrumb","itemListElement":[{"@type":"ListItem","position":1,"name":"Home","item":"https:\/\/www.worcester.edu\/about\/presidents-office\/"},{"@type":"ListItem","position":2,"name":"PSAs Studying Abroad","item":"https:\/\/www.worcester.edu\/presidents-office\/psas-studying-abroad\/"},{"@type":"ListItem","position":3,"name":"Feb 13, 2025: Where Heroes are Buried: Admiring the Path\u00e9on"}]},{"@type":"WebSite","@id":"https:\/\/www.worcester.edu\/presidents-office\/#website","url":"https:\/\/www.worcester.edu\/presidents-office\/","name":"President's Office","description":"Just another Worcester State University site","potentialAction":[{"@type":"SearchAction","target":{"@type":"EntryPoint","urlTemplate":"https:\/\/www.worcester.edu\/presidents-office\/?s={search_term_string}"},"query-input":{"@type":"PropertyValueSpecification","valueRequired":true,"valueName":"search_term_string"}}],"inLanguage":"en-US"}]}},"_links":{"self":[{"href":"https:\/\/www.worcester.edu\/presidents-office\/wp-json\/wp\/v2\/pages\/118","targetHints":{"allow":["GET"]}}],"collection":[{"href":"https:\/\/www.worcester.edu\/presidents-office\/wp-json\/wp\/v2\/pages"}],"about":[{"href":"https:\/\/www.worcester.edu\/presidents-office\/wp-json\/wp\/v2\/types\/page"}],"author":[{"embeddable":true,"href":"https:\/\/www.worcester.edu\/presidents-office\/wp-json\/wp\/v2\/users\/3641"}],"replies":[{"embeddable":true,"href":"https:\/\/www.worcester.edu\/presidents-office\/wp-json\/wp\/v2\/comments?post=118"}],"version-history":[{"count":2,"href":"https:\/\/www.worcester.edu\/presidents-office\/wp-json\/wp\/v2\/pages\/118\/revisions"}],"predecessor-version":[{"id":136,"href":"https:\/\/www.worcester.edu\/presidents-office\/wp-json\/wp\/v2\/pages\/118\/revisions\/136"}],"up":[{"embeddable":true,"href":"https:\/\/www.worcester.edu\/presidents-office\/wp-json\/wp\/v2\/pages\/73"}],"wp:attachment":[{"href":"https:\/\/www.worcester.edu\/presidents-office\/wp-json\/wp\/v2\/media?parent=118"}],"curies":[{"name":"wp","href":"https:\/\/api.w.org\/{rel}","templated":true}]}}